{"id":38,"date":"2017-12-31T02:49:51","date_gmt":"2017-12-31T01:49:51","guid":{"rendered":"http:\/\/wp2.wachauermarille.com\/?page_id=38"},"modified":"2017-12-31T02:51:09","modified_gmt":"2017-12-31T01:51:09","slug":"willkommen","status":"publish","type":"page","link":"http:\/\/www.wachauermarille.com\/","title":{"rendered":"Willkommen"},"content":{"rendered":"<p><strong>DIE WACHAUER MARILLE<\/strong><\/p>\n<p>Vor 1200 Jahren zog der Heilige Severin donauabw\u00e4rts durch das Gebiet des heutigen Weltkulturerbes.<br \/>\nEr meditierte \u2013 wie urkundlich verbrieft \u2013 in der N\u00e4he von Krems in einem Wein- und Marillengarten.<\/p>\n<p>Severin ist l\u00e4ngst Geschichte. Die k\u00f6stliche Frucht gibt es noch immer. Als echte Wachauer Marille.<\/p>\n<p>Heute gilt die entlang des Donaustromes gedeihende vitaminreiche Marille als kulinarisches Aush\u00e4ngeschild und als gewachsenes Wahrzeichen der ganzen, gleichnamigen Genu\u00dfregion.<\/p>\n<p>Viele Familien kultivieren dieses k\u00f6stliche Produkt der wundervollen Natur vom bl\u00fcteumwobenen Fr\u00fchjahr bis zur vollen Reife in der Jahresmitte.<\/p>\n<p>Besonderer Geschmack, einzigartiger Duft und volle Reife vor der Verarbeitung zeichnen die s\u00fc\u00dfen und<br \/>\ngelbrot leuchtenden Fr\u00fcchte aus.<\/p>\n<p>Einige Marillenbauern haben sich nun zu einer kleinen Genossenschaft zusammengeschlossen. Mit dem Ziel: Die Sicherstellung und Erhaltung des alten Kulturgutes und der Artenreichen Kulturlandschaft. Vom Baum bis zur vielfach veredelten Marille. Viele wohlschmeckende alte Sorten zeichnen die Wachauer Marille als Leitmarille aus.<\/p>\n","protected":false},"excerpt":{"rendered":"<p>DIE WACHAUER MARILLE Vor 1200 Jahren zog der Heilige Severin donauabw\u00e4rts durch das Gebiet des heutigen Weltkulturerbes. Er meditierte \u2013 wie urkundlich verbrieft \u2013 in der N\u00e4he von Krems in einem Wein- und Marillengarten. Severin ist l\u00e4ngst Geschichte. Die k\u00f6stliche Frucht gibt es noch immer. Als echte Wachauer Marille. Heute gilt die entlang des Donaustromes &hellip; <\/p>\n<p class=\"link-more\"><a href=\"http:\/\/www.wachauermarille.com\/\" class=\"more-link\"><span class=\"screen-reader-text\">&#8222;Willkommen&#8220;<\/span> weiterlesen<\/a><\/p>\n","protected":false},"author":1,"featured_media":0,"parent":0,"menu_order":0,"comment_status":"closed","ping_status":"closed","template":"","meta":{"footnotes":""},"class_list":["post-38","page","type-page","status-publish","hentry"],"_links":{"self":[{"href":"http:\/\/www.wachauermarille.com\/index.php?rest_route=\/wp\/v2\/pages\/38","targetHints":{"allow":["GET"]}}],"collection":[{"href":"http:\/\/www.wachauermarille.com\/index.php?rest_route=\/wp\/v2\/pages"}],"about":[{"href":"http:\/\/www.wachauermarille.com\/index.php?rest_route=\/wp\/v2\/types\/page"}],"author":[{"embeddable":true,"href":"http:\/\/www.wachauermarille.com\/index.php?rest_route=\/wp\/v2\/users\/1"}],"replies":[{"embeddable":true,"href":"http:\/\/www.wachauermarille.com\/index.php?rest_route=%2Fwp%2Fv2%2Fcomments&post=38"}],"version-history":[{"count":1,"href":"http:\/\/www.wachauermarille.com\/index.php?rest_route=\/wp\/v2\/pages\/38\/revisions"}],"predecessor-version":[{"id":39,"href":"http:\/\/www.wachauermarille.com\/index.php?rest_route=\/wp\/v2\/pages\/38\/revisions\/39"}],"wp:attachment":[{"href":"http:\/\/www.wachauermarille.com\/index.php?rest_route=%2Fwp%2Fv2%2Fmedia&parent=38"}],"curies":[{"name":"wp","href":"https:\/\/api.w.org\/{rel}","templated":true}]}}